{"id":19769,"date":"2023-04-14T12:12:26","date_gmt":"2023-04-14T11:12:26","guid":{"rendered":"https:\/\/lipschocolate.com\/?page_id=19769"},"modified":"2024-11-04T20:25:25","modified_gmt":"2024-11-04T19:25:25","slug":"collection-lips","status":"publish","type":"page","link":"https:\/\/lipschocolate.com\/en\/collection-lips\/","title":{"rendered":"LIPS Collection"},"content":{"rendered":"<div data-elementor-type=\"wp-page\" data-elementor-id=\"19769\" class=\"elementor elementor-19769\">\n\t\t\t\t\t\t<section class=\"elementor-section elementor-top-section elementor-element elementor-element-3ee877e7 elementor-section-boxed elementor-section-height-default elementor-section-height-default sc_fly_static\" data-id=\"3ee877e7\" data-element_type=\"section\">\n\t\t\t\t\t\t<div class=\"elementor-container elementor-column-gap-extended\">\n\t\t\t\t\t<div class=\"elementor-column elementor-col-50 elementor-top-column elementor-element elementor-element-6dd0df82 sc_content_align_inherit sc_layouts_column_icons_position_left sc_fly_static\" data-id=\"6dd0df82\" data-element_type=\"column\">\n\t\t\t<div class=\"elementor-widget-wrap elementor-element-populated\">\n\t\t\t\t\t\t<section class=\"elementor-section elementor-inner-section elementor-element elementor-element-74b983c elementor-section-boxed elementor-section-height-default elementor-section-height-default sc_fly_static\" data-id=\"74b983c\" data-element_type=\"section\">\n\t\t\t\t\t\t<div class=\"elementor-container elementor-column-gap-no\">\n\t\t\t\t\t<div class=\"elementor-column elementor-col-100 elementor-inner-column elementor-element elementor-element-7a8f88d4 sc_content_align_inherit sc_layouts_column_icons_position_left sc_fly_static\" data-id=\"7a8f88d4\" data-element_type=\"column\">\n\t\t\t<div class=\"elementor-widget-wrap elementor-element-populated\">\n\t\t\t\t\t\t<div class=\"elementor-element elementor-element-619703b9 no-title sc_fly_static elementor-widget elementor-widget-image\" data-id=\"619703b9\" data-element_type=\"widget\" data-widget_type=\"image.default\">\n\t\t\t\t<div class=\"elementor-widget-container\">\n\t\t\t\t\t\t\t\t\t\t\t\t\t\t\t<img fetchpriority=\"high\" decoding=\"async\" width=\"680\" height=\"946\" src=\"https:\/\/lipschocolate.com\/wp-content\/uploads\/2024\/11\/LIPS_NEWSLETTER_HERO_IMG-2.jpg\" class=\"attachment-2048x2048 size-2048x2048 wp-image-21379\" alt=\"\" srcset=\"https:\/\/lipschocolate.com\/wp-content\/uploads\/2024\/11\/LIPS_NEWSLETTER_HERO_IMG-2.jpg 680w, https:\/\/lipschocolate.com\/wp-content\/uploads\/2024\/11\/LIPS_NEWSLETTER_HERO_IMG-2-600x835.jpg 600w, https:\/\/lipschocolate.com\/wp-content\/uploads\/2024\/11\/LIPS_NEWSLETTER_HERO_IMG-2-216x300.jpg 216w, https:\/\/lipschocolate.com\/wp-content\/uploads\/2024\/11\/LIPS_NEWSLETTER_HERO_IMG-2-9x12.jpg 9w, https:\/\/lipschocolate.com\/wp-content\/uploads\/2024\/11\/LIPS_NEWSLETTER_HERO_IMG-2-370x515.jpg 370w, https:\/\/lipschocolate.com\/wp-content\/uploads\/2024\/11\/LIPS_NEWSLETTER_HERO_IMG-2-410x570.jpg 410w\" sizes=\"(max-width: 680px) 100vw, 680px\" \/>\t\t\t\t\t\t\t\t\t\t\t\t\t\t\t<\/div>\n\t\t\t\t<\/div>\n\t\t\t\t<div data-animation-type=\"block\" class=\"elementor-element elementor-element-4dff1ad2 elementor-widget__width-initial elementor-absolute elementor-widget-mobile__width-initial animation_type_block sc_fly_static elementor-invisible elementor-widget elementor-widget-image\" data-id=\"4dff1ad2\" data-element_type=\"widget\" data-settings=\"{&quot;_position&quot;:&quot;absolute&quot;,&quot;_animation&quot;:&quot;abelle-infinite-rotate&quot;}\" data-widget_type=\"image.default\">\n\t\t\t\t<div class=\"elementor-widget-container\">\n\t\t\t\t\t\t\t\t\t\t\t\t\t\t\t<img decoding=\"async\" width=\"149\" height=\"149\" src=\"https:\/\/lipschocolate.com\/wp-content\/uploads\/2023\/03\/LIPS-MONAGRAMME.png\" class=\"attachment-full size-full wp-image-19696\" alt=\"\" srcset=\"https:\/\/lipschocolate.com\/wp-content\/uploads\/2023\/03\/LIPS-MONAGRAMME.png 149w, https:\/\/lipschocolate.com\/wp-content\/uploads\/2023\/03\/LIPS-MONAGRAMME-120x120.png 120w\" sizes=\"(max-width: 149px) 100vw, 149px\" \/>\t\t\t\t\t\t\t\t\t\t\t\t\t\t\t<\/div>\n\t\t\t\t<\/div>\n\t\t\t\t\t<\/div>\n\t\t<\/div>\n\t\t\t\t\t<\/div>\n\t\t<\/section>\n\t\t\t\t\t<\/div>\n\t\t<\/div>\n\t\t\t\t<div class=\"elementor-column elementor-col-50 elementor-top-column elementor-element elementor-element-435f9ffa sc_content_align_inherit sc_layouts_column_icons_position_left sc_fly_static\" data-id=\"435f9ffa\" data-element_type=\"column\">\n\t\t\t<div class=\"elementor-widget-wrap elementor-element-populated\">\n\t\t\t\t\t\t<div class=\"elementor-element elementor-element-40ffd9a sc_fly_static elementor-widget elementor-widget-heading\" data-id=\"40ffd9a\" data-element_type=\"widget\" data-widget_type=\"heading.default\">\n\t\t\t\t<div class=\"elementor-widget-container\">\n\t\t\t\t\t<h2 class=\"elementor-heading-title elementor-size-default\">lips chocolate &amp; more<\/h2>\t\t\t\t<\/div>\n\t\t\t\t<\/div>\n\t\t\t\t<div class=\"elementor-element elementor-element-81af358 sc_fly_static elementor-widget elementor-widget-heading\" data-id=\"81af358\" data-element_type=\"widget\" data-widget_type=\"heading.default\">\n\t\t\t\t<div class=\"elementor-widget-container\">\n\t\t\t\t\t<h2 class=\"elementor-heading-title elementor-size-default\">LIPS COLLECTION<\/h2>\t\t\t\t<\/div>\n\t\t\t\t<\/div>\n\t\t\t\t<div class=\"elementor-element elementor-element-3a2f886 sc_fly_static elementor-widget elementor-widget-text-editor\" data-id=\"3a2f886\" data-element_type=\"widget\" data-widget_type=\"text-editor.default\">\n\t\t\t\t<div class=\"elementor-widget-container\">\n\t\t\t\t\t\t\t\t\t<p>This range for chocolate lovers and gourmets is made up of delicious recipes based on Valrhona chocolate, low in sugar and infinitely delicious!\u00a0<\/p><p>The LIPS Collection consists not only of chocolates but also of a wide choice of confectionery to include in your compositions: Dragees, Calissons, Fruit Jellies and much more...<\/p>\t\t\t\t\t\t\t\t<\/div>\n\t\t\t\t<\/div>\n\t\t\t\t<div class=\"elementor-element elementor-element-7c604014 no-title sc_fly_static elementor-widget elementor-widget-image\" data-id=\"7c604014\" data-element_type=\"widget\" data-widget_type=\"image.default\">\n\t\t\t\t<div class=\"elementor-widget-container\">\n\t\t\t\t\t\t\t\t\t\t\t\t\t\t\t<img decoding=\"async\" src=\"https:\/\/lipschocolate.com\/wp-content\/uploads\/elementor\/thumbs\/LIPS-a-propos-2-q3w54kmeuef2cnnwt14d0txyidgousgj6kkajlcsic.png\" title=\"LIPS-a-propos-2\" alt=\"Collection LIPS Chocolate &amp; More\" loading=\"lazy\" \/>\t\t\t\t\t\t\t\t\t\t\t\t\t\t\t<\/div>\n\t\t\t\t<\/div>\n\t\t\t\t\t<\/div>\n\t\t<\/div>\n\t\t\t\t\t<\/div>\n\t\t<\/section>\n\t\t\t\t<section class=\"elementor-section elementor-top-section elementor-element elementor-element-07c27f2 elementor-section-full_width elementor-section-stretched elementor-section-height-default elementor-section-height-default sc_fly_static\" data-id=\"07c27f2\" data-element_type=\"section\" data-settings=\"{&quot;stretch_section&quot;:&quot;section-stretched&quot;,&quot;background_background&quot;:&quot;classic&quot;}\">\n\t\t\t\t\t\t\t<div class=\"elementor-background-overlay\"><\/div>\n\t\t\t\t\t\t\t<div class=\"elementor-container elementor-column-gap-extended\">\n\t\t\t\t\t<div class=\"elementor-column elementor-col-100 elementor-top-column elementor-element elementor-element-3aefb3c sc_content_align_inherit sc_layouts_column_icons_position_left sc_fly_static\" data-id=\"3aefb3c\" data-element_type=\"column\" data-settings=\"{&quot;background_background&quot;:&quot;classic&quot;}\">\n\t\t\t<div class=\"elementor-widget-wrap elementor-element-populated\">\n\t\t\t\t\t<div class=\"elementor-background-overlay\"><\/div>\n\t\t\t\t\t\t<div class=\"elementor-element elementor-element-cb49ca7 sc_fly_static elementor-widget elementor-widget-heading\" data-id=\"cb49ca7\" data-element_type=\"widget\" data-widget_type=\"heading.default\">\n\t\t\t\t<div class=\"elementor-widget-container\">\n\t\t\t\t\t<h3 class=\"elementor-heading-title elementor-size-default\">OUR STORE<\/h3>\t\t\t\t<\/div>\n\t\t\t\t<\/div>\n\t\t\t\t<div class=\"elementor-element elementor-element-ab25388 sc_fly_static elementor-widget elementor-widget-heading\" data-id=\"ab25388\" data-element_type=\"widget\" data-widget_type=\"heading.default\">\n\t\t\t\t<div class=\"elementor-widget-container\">\n\t\t\t\t\t<h2 class=\"elementor-heading-title elementor-size-default\">LES COMPOSITIONS<\/h2>\t\t\t\t<\/div>\n\t\t\t\t<\/div>\n\t\t\t\t<div class=\"elementor-element elementor-element-fef6ea1 sc_fly_static elementor-widget elementor-widget-trx_sc_extended_products\" data-id=\"fef6ea1\" data-element_type=\"widget\" data-widget_type=\"trx_sc_extended_products.default\">\n\t\t\t\t<div class=\"elementor-widget-container\">\n\t\t\t\t\t<div  \n\tclass=\"sc_extended_products sc_extended_products_default\" ><div class=\"sc_extended_products_content sc_item_content\" ><div class=\"woocommerce columns-4\"><div  class=\"sc_extended_products_slider sc_item_slider slider_swiper_outer slider_outer slider_outer_controls slider_outer_controls_top slider_outer_nopagination slider_outer_nocentered slider_outer_overflow_hidden slider_outer_multi\">\n\t<div  data-slides-per-view-breakpoints=\"{&quot;999999&quot;:4}\" data-slides-space-breakpoints=\"{&quot;999999&quot;:&quot;20&quot;}\" class=\"slider_container swiper-slider-container slider_swiper slider_noresize slider_controls slider_controls_top slider_nopagination slider_nocentered slider_overflow_hidden slider_multi\" data-slides-per-view=\"4\" data-slides-space=\"20\" data-effect=\"slide\" data-slides-min-width=\"225\" data-pagination=\"bullets\" data-direction=\"horizontal\" data-mouse-wheel=\"0\" data-autoplay=\"1\" data-loop=\"1\" data-free-mode=\"0\" data-slides-centered=\"0\" data-slides-overflow=\"0\">\n\t\t<ul class=\"slides products products_style_default columns-4 slider-wrapper swiper-wrapper sc_item_columns_4\"><li class=\"slider-slide swiper-slide product type-product post-21302 status-publish first instock product_cat-collection-lips product_cat-one-of-a-kind-luxury product_tag-chocolats has-post-thumbnail shipping-taxable purchasable product-type-simple product_style_default\">\n\t\t\t<div class=\"post_item post_layout_thumbs\"\n\t\t\t\t\t>\n\t\t\t<div class=\"post_featured hover_shop\">\n\t\t\t\t\t\t\t\t<a href=\"https:\/\/lipschocolate.com\/en\/product\/the-arty\/\">\n\t\t\t\t<img decoding=\"async\" width=\"500\" height=\"500\" src=\"https:\/\/lipschocolate.com\/wp-content\/uploads\/2024\/10\/lips-chocolate-more-collection-2025-38-500x500.jpg\" class=\"attachment-woocommerce_thumbnail size-woocommerce_thumbnail\" alt=\"The Arty\" srcset=\"https:\/\/lipschocolate.com\/wp-content\/uploads\/2024\/10\/lips-chocolate-more-collection-2025-38-500x500.jpg 500w, https:\/\/lipschocolate.com\/wp-content\/uploads\/2024\/10\/lips-chocolate-more-collection-2025-38-150x150.jpg 150w, https:\/\/lipschocolate.com\/wp-content\/uploads\/2024\/10\/lips-chocolate-more-collection-2025-38-600x600.jpg 600w, https:\/\/lipschocolate.com\/wp-content\/uploads\/2024\/10\/lips-chocolate-more-collection-2025-38-300x300.jpg 300w, https:\/\/lipschocolate.com\/wp-content\/uploads\/2024\/10\/lips-chocolate-more-collection-2025-38-1024x1024.jpg 1024w, https:\/\/lipschocolate.com\/wp-content\/uploads\/2024\/10\/lips-chocolate-more-collection-2025-38-768x768.jpg 768w, https:\/\/lipschocolate.com\/wp-content\/uploads\/2024\/10\/lips-chocolate-more-collection-2025-38-12x12.jpg 12w, https:\/\/lipschocolate.com\/wp-content\/uploads\/2024\/10\/lips-chocolate-more-collection-2025-38-370x370.jpg 370w, https:\/\/lipschocolate.com\/wp-content\/uploads\/2024\/10\/lips-chocolate-more-collection-2025-38-120x120.jpg 120w, https:\/\/lipschocolate.com\/wp-content\/uploads\/2024\/10\/lips-chocolate-more-collection-2025-38-840x840.jpg 840w, https:\/\/lipschocolate.com\/wp-content\/uploads\/2024\/10\/lips-chocolate-more-collection-2025-38-410x410.jpg 410w, https:\/\/lipschocolate.com\/wp-content\/uploads\/2024\/10\/lips-chocolate-more-collection-2025-38.jpg 1200w\" sizes=\"(max-width: 600px) 100vw, 500px\" \/>\t\t\t\t<\/a>\n\t\t\t\t\t\t\t\t\t<div class=\"mask\"><\/div>\n\t\t\t\t\t\t\t\t\t<div class=\"icons\">\n\t\t\t\t\t<a rel=\"nofollow\" href=\"\/en\/wp-json\/wp\/v2\/pages\/19769?add-to-cart=21302\" \n\t\t\t\t\t\t\t\t\t\t\t\t\t\t\taria-hidden=\"true\" \n\t\t\t\t\t\t\t\t\t\t\t\t\t\t\tdata-quantity=\"1\" \n\t\t\t\t\t\t\t\t\t\t\t\t\t\t\tdata-product_id=\"21302\"\n\t\t\t\t\t\t\t\t\t\t\t\t\t\t\tdata-product_sku=\"0128\"\n\t\t\t\t\t\t\t\t\t\t\t\t\t\t\tclass=\"shop_cart icon-shopping-cart button add_to_cart_button product_type_simple product_in_stock ajax_add_to_cart\"><span class=\"icon-anim\"><\/span><\/a>\t\t\t\t\t<a href=\"https:\/\/lipschocolate.com\/en\/product\/the-arty\/\" aria-hidden=\"true\" class=\"shop_link\">\n\t\t\t\t\t\t<span class=\"icon-anim\"><\/span>\n\t\t\t\t\t<\/a>\n\t\t\t\t<\/div>\n\t\t\t\t\t\t\t<\/div>\n\t\t\t<div class=\"post_data\">\n\t\t\t\t<div class=\"post_data_inner\">\n\t\t\t\t\t<div class=\"post_header entry-header\">\n\t\t\t\t\t<h2 class=\"woocommerce-loop-product__title\"><a href=\"https:\/\/lipschocolate.com\/en\/product\/the-arty\/\">The Arty<\/a><\/h2>\t\t\t<\/div>\n\t\t\n\t<span class=\"price\"><span class=\"woocommerce-Price-amount amount\"><bdi>1390.00&nbsp;<span class=\"woocommerce-Price-currencySymbol\">Dhs<\/span><\/bdi><\/span><\/span>\n<a href=\"\/en\/wp-json\/wp\/v2\/pages\/19769?add-to-cart=21302\" aria-describedby=\"woocommerce_loop_add_to_cart_link_describedby_21302\" data-quantity=\"1\" class=\"button product_type_simple add_to_cart_button ajax_add_to_cart\" data-product_id=\"21302\" data-product_sku=\"0128\" aria-label=\"Add to cart: \u201cThe Arty\u201d\" rel=\"nofollow\" data-success_message=\"\u201cThe Arty\u201d has been added to your cart\" role=\"button\" data-no-translation-aria-label=\"\" data-no-translation-data-success_message=\"\">Buy now<\/a>\t<span id=\"woocommerce_loop_add_to_cart_link_describedby_21302\" class=\"screen-reader-text\">\n\t\t\t<\/span>\n\t\t\t\t<\/div>\n\t\t\t<\/div>\n\t\t<\/div>\n\t\t<\/li>\n<li class=\"slider-slide swiper-slide product type-product post-21277 status-publish instock product_cat-collection-lips product_cat-lavish-luxury product_tag-chocolats has-post-thumbnail shipping-taxable purchasable product-type-simple product_style_default\">\n\t\t\t<div class=\"post_item post_layout_thumbs\"\n\t\t\t\t\t>\n\t\t\t<div class=\"post_featured hover_shop\">\n\t\t\t\t\t\t\t\t<a href=\"https:\/\/lipschocolate.com\/en\/product\/graphic-gold-ii-plat-de-presentation\/\">\n\t\t\t\t<img loading=\"lazy\" decoding=\"async\" width=\"500\" height=\"500\" src=\"https:\/\/lipschocolate.com\/wp-content\/uploads\/2024\/10\/lips-chocolate-more-collection-2025-29-500x500.jpg\" class=\"attachment-woocommerce_thumbnail size-woocommerce_thumbnail\" alt=\"Graphic Gold II - Plat de pr\u00e9sentation\" srcset=\"https:\/\/lipschocolate.com\/wp-content\/uploads\/2024\/10\/lips-chocolate-more-collection-2025-29-500x500.jpg 500w, https:\/\/lipschocolate.com\/wp-content\/uploads\/2024\/10\/lips-chocolate-more-collection-2025-29-150x150.jpg 150w, https:\/\/lipschocolate.com\/wp-content\/uploads\/2024\/10\/lips-chocolate-more-collection-2025-29-600x600.jpg 600w, https:\/\/lipschocolate.com\/wp-content\/uploads\/2024\/10\/lips-chocolate-more-collection-2025-29-300x300.jpg 300w, https:\/\/lipschocolate.com\/wp-content\/uploads\/2024\/10\/lips-chocolate-more-collection-2025-29-1024x1024.jpg 1024w, https:\/\/lipschocolate.com\/wp-content\/uploads\/2024\/10\/lips-chocolate-more-collection-2025-29-768x768.jpg 768w, https:\/\/lipschocolate.com\/wp-content\/uploads\/2024\/10\/lips-chocolate-more-collection-2025-29-12x12.jpg 12w, https:\/\/lipschocolate.com\/wp-content\/uploads\/2024\/10\/lips-chocolate-more-collection-2025-29-370x370.jpg 370w, https:\/\/lipschocolate.com\/wp-content\/uploads\/2024\/10\/lips-chocolate-more-collection-2025-29-120x120.jpg 120w, https:\/\/lipschocolate.com\/wp-content\/uploads\/2024\/10\/lips-chocolate-more-collection-2025-29-840x840.jpg 840w, https:\/\/lipschocolate.com\/wp-content\/uploads\/2024\/10\/lips-chocolate-more-collection-2025-29-410x410.jpg 410w, https:\/\/lipschocolate.com\/wp-content\/uploads\/2024\/10\/lips-chocolate-more-collection-2025-29.jpg 1200w\" sizes=\"(max-width: 600px) 100vw, 500px\" \/>\t\t\t\t<\/a>\n\t\t\t\t\t\t\t\t\t<div class=\"mask\"><\/div>\n\t\t\t\t\t\t\t\t\t<div class=\"icons\">\n\t\t\t\t\t<a rel=\"nofollow\" href=\"\/en\/wp-json\/wp\/v2\/pages\/19769?add-to-cart=21277\" \n\t\t\t\t\t\t\t\t\t\t\t\t\t\t\taria-hidden=\"true\" \n\t\t\t\t\t\t\t\t\t\t\t\t\t\t\tdata-quantity=\"1\" \n\t\t\t\t\t\t\t\t\t\t\t\t\t\t\tdata-product_id=\"21277\"\n\t\t\t\t\t\t\t\t\t\t\t\t\t\t\tdata-product_sku=\"0117\"\n\t\t\t\t\t\t\t\t\t\t\t\t\t\t\tclass=\"shop_cart icon-shopping-cart button add_to_cart_button product_type_simple product_in_stock ajax_add_to_cart\"><span class=\"icon-anim\"><\/span><\/a>\t\t\t\t\t<a href=\"https:\/\/lipschocolate.com\/en\/product\/graphic-gold-ii-plat-de-presentation\/\" aria-hidden=\"true\" class=\"shop_link\">\n\t\t\t\t\t\t<span class=\"icon-anim\"><\/span>\n\t\t\t\t\t<\/a>\n\t\t\t\t<\/div>\n\t\t\t\t\t\t\t<\/div>\n\t\t\t<div class=\"post_data\">\n\t\t\t\t<div class=\"post_data_inner\">\n\t\t\t\t\t<div class=\"post_header entry-header\">\n\t\t\t\t\t<h2 class=\"woocommerce-loop-product__title\"><a href=\"https:\/\/lipschocolate.com\/en\/product\/graphic-gold-ii-plat-de-presentation\/\">Graphic Gold II &#8211; Plat de pr\u00e9sentation<\/a><\/h2>\t\t\t<\/div>\n\t\t\n\t<span class=\"price\"><span class=\"woocommerce-Price-amount amount\"><bdi>1690.00&nbsp;<span class=\"woocommerce-Price-currencySymbol\">Dhs<\/span><\/bdi><\/span><\/span>\n<a href=\"\/en\/wp-json\/wp\/v2\/pages\/19769?add-to-cart=21277\" aria-describedby=\"woocommerce_loop_add_to_cart_link_describedby_21277\" data-quantity=\"1\" class=\"button product_type_simple add_to_cart_button ajax_add_to_cart\" data-product_id=\"21277\" data-product_sku=\"0117\" aria-label=\"Add to cart: \u201cGraphic Gold II - Plat de pr\u00e9sentation\u201d\" rel=\"nofollow\" data-success_message=\"\u201cGraphic Gold II - Plat de pr\u00e9sentation\u201d has been added to your cart\" role=\"button\" data-no-translation-aria-label=\"\" data-no-translation-data-success_message=\"\">Buy now<\/a>\t<span id=\"woocommerce_loop_add_to_cart_link_describedby_21277\" class=\"screen-reader-text\">\n\t\t\t<\/span>\n\t\t\t\t<\/div>\n\t\t\t<\/div>\n\t\t<\/div>\n\t\t<\/li>\n<\/ul><\/div><div class=\"slider_controls_wrap\"><a class=\"slider_prev swiper-button-prev\" href=\"#\" role=\"button\"><\/a><a class=\"slider_next swiper-button-next\" href=\"#\" role=\"button\"><\/a><\/div><\/div><\/div><\/div><\/div>\n\t\t\t\t<\/div>\n\t\t\t\t<\/div>\n\t\t\t\t<div class=\"elementor-element elementor-element-03173d6 elementor-align-center sc_fly_static elementor-widget elementor-widget-button\" data-id=\"03173d6\" data-element_type=\"widget\" data-widget_type=\"button.default\">\n\t\t\t\t<div class=\"elementor-widget-container\">\n\t\t\t\t\t\t\t\t\t<div class=\"elementor-button-wrapper\">\n\t\t\t\t\t<a class=\"elementor-button elementor-button-link elementor-size-sm\" href=\"https:\/\/lipschocolate.com\/en\/product-category\/collection-lips\/\">\n\t\t\t\t\t\t<span class=\"elementor-button-content-wrapper\">\n\t\t\t\t\t\t\t\t\t<span class=\"elementor-button-text\">SEE MORE<\/span>\n\t\t\t\t\t<\/span>\n\t\t\t\t\t<\/a>\n\t\t\t\t<\/div>\n\t\t\t\t\t\t\t\t<\/div>\n\t\t\t\t<\/div>\n\t\t\t\t\t<\/div>\n\t\t<\/div>\n\t\t\t\t\t<\/div>\n\t\t<\/section>\n\t\t\t\t<\/div>","protected":false},"excerpt":{"rendered":"<p>lips chocolate &amp; more COLLECTION LIPS La gamme LIPS destin\u00e9e aux amoureux du chocolat et de la gourmandise est compos\u00e9e de d\u00e9licieuses recettes \u00e0 base de chocolat Valrhona,\u00a0peu sucr\u00e9es et&hellip;<\/p>","protected":false},"author":1,"featured_media":19697,"parent":0,"menu_order":0,"comment_status":"closed","ping_status":"closed","template":"","meta":{"footnotes":""},"class_list":["post-19769","page","type-page","status-publish","has-post-thumbnail","hentry"],"jetpack_sharing_enabled":true,"_links":{"self":[{"href":"https:\/\/lipschocolate.com\/en\/wp-json\/wp\/v2\/pages\/19769","targetHints":{"allow":["GET"]}}],"collection":[{"href":"https:\/\/lipschocolate.com\/en\/wp-json\/wp\/v2\/pages"}],"about":[{"href":"https:\/\/lipschocolate.com\/en\/wp-json\/wp\/v2\/types\/page"}],"author":[{"embeddable":true,"href":"https:\/\/lipschocolate.com\/en\/wp-json\/wp\/v2\/users\/1"}],"replies":[{"embeddable":true,"href":"https:\/\/lipschocolate.com\/en\/wp-json\/wp\/v2\/comments?post=19769"}],"version-history":[{"count":43,"href":"https:\/\/lipschocolate.com\/en\/wp-json\/wp\/v2\/pages\/19769\/revisions"}],"predecessor-version":[{"id":21386,"href":"https:\/\/lipschocolate.com\/en\/wp-json\/wp\/v2\/pages\/19769\/revisions\/21386"}],"wp:featuredmedia":[{"embeddable":true,"href":"https:\/\/lipschocolate.com\/en\/wp-json\/wp\/v2\/media\/19697"}],"wp:attachment":[{"href":"https:\/\/lipschocolate.com\/en\/wp-json\/wp\/v2\/media?parent=19769"}],"curies":[{"name":"wp","href":"https:\/\/api.w.org\/{rel}","templated":true}]}}