{"id":21127,"date":"2023-10-23T19:42:55","date_gmt":"2023-10-23T18:42:55","guid":{"rendered":"https:\/\/lipschocolate.com\/?post_type=product&#038;p=21127"},"modified":"2025-06-21T10:30:22","modified_gmt":"2025-06-21T09:30:22","slug":"boite-lips-750g","status":"publish","type":"product","link":"https:\/\/lipschocolate.com\/en\/product\/boite-lips-750g\/","title":{"rendered":"Boite LIPS &#8211; 750g"},"content":{"rendered":"","protected":false},"excerpt":{"rendered":"<p>Boite de chocolats LIPS contenant 750g de vos chocolats pr\u00e9f\u00e9r\u00e9s.<\/p>","protected":false},"featured_media":21499,"comment_status":"closed","ping_status":"closed","template":"","meta":[],"product_brand":[],"product_cat":[202],"product_tag":[200],"class_list":{"0":"post-21127","1":"product","2":"type-product","3":"status-publish","4":"has-post-thumbnail","6":"product_cat-collection-lips","7":"product_tag-chocolats","9":"first","10":"instock","11":"shipping-taxable","12":"purchasable","13":"product-type-simple"},"jetpack_sharing_enabled":true,"_links":{"self":[{"href":"https:\/\/lipschocolate.com\/en\/wp-json\/wp\/v2\/product\/21127","targetHints":{"allow":["GET"]}}],"collection":[{"href":"https:\/\/lipschocolate.com\/en\/wp-json\/wp\/v2\/product"}],"about":[{"href":"https:\/\/lipschocolate.com\/en\/wp-json\/wp\/v2\/types\/product"}],"replies":[{"embeddable":true,"href":"https:\/\/lipschocolate.com\/en\/wp-json\/wp\/v2\/comments?post=21127"}],"version-history":[{"count":2,"href":"https:\/\/lipschocolate.com\/en\/wp-json\/wp\/v2\/product\/21127\/revisions"}],"predecessor-version":[{"id":21129,"href":"https:\/\/lipschocolate.com\/en\/wp-json\/wp\/v2\/product\/21127\/revisions\/21129"}],"wp:featuredmedia":[{"embeddable":true,"href":"https:\/\/lipschocolate.com\/en\/wp-json\/wp\/v2\/media\/21499"}],"wp:attachment":[{"href":"https:\/\/lipschocolate.com\/en\/wp-json\/wp\/v2\/media?parent=21127"}],"wp:term":[{"taxonomy":"product_brand","embeddable":true,"href":"https:\/\/lipschocolate.com\/en\/wp-json\/wp\/v2\/product_brand?post=21127"},{"taxonomy":"product_cat","embeddable":true,"href":"https:\/\/lipschocolate.com\/en\/wp-json\/wp\/v2\/product_cat?post=21127"},{"taxonomy":"product_tag","embeddable":true,"href":"https:\/\/lipschocolate.com\/en\/wp-json\/wp\/v2\/product_tag?post=21127"}],"curies":[{"name":"wp","href":"https:\/\/api.w.org\/{rel}","templated":true}]}}