{"id":21232,"date":"2024-10-29T10:10:49","date_gmt":"2024-10-29T09:10:49","guid":{"rendered":"https:\/\/lipschocolate.com\/?post_type=product&#038;p=21232"},"modified":"2024-10-29T11:23:17","modified_gmt":"2024-10-29T10:23:17","slug":"lepure-vase-en-ceramique-vert-pastel","status":"publish","type":"product","link":"https:\/\/lipschocolate.com\/en\/product\/lepure-vase-en-ceramique-vert-pastel\/","title":{"rendered":"L&rsquo;\u00e9pur\u00e9 &#8211; Vase en c\u00e9ramique vert pastel (PM)"},"content":{"rendered":"","protected":false},"excerpt":{"rendered":"<p>L&rsquo;\u00e9pur\u00e9 &#8211; Vase en c\u00e9ramique vert pastel contenant 200g de vos chocolats pr\u00e9f\u00e9r\u00e9s.<\/p>","protected":false},"featured_media":21231,"comment_status":"closed","ping_status":"closed","template":"","meta":[],"product_brand":[],"product_cat":[202,268],"product_tag":[200],"class_list":{"0":"post-21232","1":"product","2":"type-product","3":"status-publish","4":"has-post-thumbnail","6":"product_cat-collection-lips","7":"product_cat-natural-luxury","8":"product_tag-chocolats","10":"first","11":"instock","12":"shipping-taxable","13":"purchasable","14":"product-type-simple"},"jetpack_sharing_enabled":true,"_links":{"self":[{"href":"https:\/\/lipschocolate.com\/en\/wp-json\/wp\/v2\/product\/21232","targetHints":{"allow":["GET"]}}],"collection":[{"href":"https:\/\/lipschocolate.com\/en\/wp-json\/wp\/v2\/product"}],"about":[{"href":"https:\/\/lipschocolate.com\/en\/wp-json\/wp\/v2\/types\/product"}],"replies":[{"embeddable":true,"href":"https:\/\/lipschocolate.com\/en\/wp-json\/wp\/v2\/comments?post=21232"}],"version-history":[{"count":2,"href":"https:\/\/lipschocolate.com\/en\/wp-json\/wp\/v2\/product\/21232\/revisions"}],"predecessor-version":[{"id":21234,"href":"https:\/\/lipschocolate.com\/en\/wp-json\/wp\/v2\/product\/21232\/revisions\/21234"}],"wp:featuredmedia":[{"embeddable":true,"href":"https:\/\/lipschocolate.com\/en\/wp-json\/wp\/v2\/media\/21231"}],"wp:attachment":[{"href":"https:\/\/lipschocolate.com\/en\/wp-json\/wp\/v2\/media?parent=21232"}],"wp:term":[{"taxonomy":"product_brand","embeddable":true,"href":"https:\/\/lipschocolate.com\/en\/wp-json\/wp\/v2\/product_brand?post=21232"},{"taxonomy":"product_cat","embeddable":true,"href":"https:\/\/lipschocolate.com\/en\/wp-json\/wp\/v2\/product_cat?post=21232"},{"taxonomy":"product_tag","embeddable":true,"href":"https:\/\/lipschocolate.com\/en\/wp-json\/wp\/v2\/product_tag?post=21232"}],"curies":[{"name":"wp","href":"https:\/\/api.w.org\/{rel}","templated":true}]}}