{"id":21277,"date":"2024-10-29T10:10:47","date_gmt":"2024-10-29T09:10:47","guid":{"rendered":"https:\/\/lipschocolate.com\/?post_type=product&#038;p=21277"},"modified":"2024-10-29T10:10:47","modified_gmt":"2024-10-29T09:10:47","slug":"graphic-gold-ii-plat-de-presentation","status":"publish","type":"product","link":"https:\/\/lipschocolate.com\/en\/product\/graphic-gold-ii-plat-de-presentation\/","title":{"rendered":"Graphic Gold II &#8211; Plat de pr\u00e9sentation"},"content":{"rendered":"","protected":false},"excerpt":{"rendered":"<p>Graphic Gold II &#8211; Plat de pr\u00e9sentation contenant 900g de Chocolat &amp; 200g de Drag\u00e9es.<\/p>","protected":false},"featured_media":21204,"comment_status":"closed","ping_status":"closed","template":"","meta":[],"product_brand":[],"product_cat":[202,270],"product_tag":[200],"class_list":{"0":"post-21277","1":"product","2":"type-product","3":"status-publish","4":"has-post-thumbnail","6":"product_cat-collection-lips","7":"product_cat-lavish-luxury","8":"product_tag-chocolats","10":"first","11":"instock","12":"shipping-taxable","13":"purchasable","14":"product-type-simple"},"jetpack_sharing_enabled":true,"_links":{"self":[{"href":"https:\/\/lipschocolate.com\/en\/wp-json\/wp\/v2\/product\/21277","targetHints":{"allow":["GET"]}}],"collection":[{"href":"https:\/\/lipschocolate.com\/en\/wp-json\/wp\/v2\/product"}],"about":[{"href":"https:\/\/lipschocolate.com\/en\/wp-json\/wp\/v2\/types\/product"}],"replies":[{"embeddable":true,"href":"https:\/\/lipschocolate.com\/en\/wp-json\/wp\/v2\/comments?post=21277"}],"version-history":[{"count":1,"href":"https:\/\/lipschocolate.com\/en\/wp-json\/wp\/v2\/product\/21277\/revisions"}],"predecessor-version":[{"id":21278,"href":"https:\/\/lipschocolate.com\/en\/wp-json\/wp\/v2\/product\/21277\/revisions\/21278"}],"wp:featuredmedia":[{"embeddable":true,"href":"https:\/\/lipschocolate.com\/en\/wp-json\/wp\/v2\/media\/21204"}],"wp:attachment":[{"href":"https:\/\/lipschocolate.com\/en\/wp-json\/wp\/v2\/media?parent=21277"}],"wp:term":[{"taxonomy":"product_brand","embeddable":true,"href":"https:\/\/lipschocolate.com\/en\/wp-json\/wp\/v2\/product_brand?post=21277"},{"taxonomy":"product_cat","embeddable":true,"href":"https:\/\/lipschocolate.com\/en\/wp-json\/wp\/v2\/product_cat?post=21277"},{"taxonomy":"product_tag","embeddable":true,"href":"https:\/\/lipschocolate.com\/en\/wp-json\/wp\/v2\/product_tag?post=21277"}],"curies":[{"name":"wp","href":"https:\/\/api.w.org\/{rel}","templated":true}]}}