{"id":21445,"date":"2025-05-14T11:14:44","date_gmt":"2025-05-14T10:14:44","guid":{"rendered":"https:\/\/lipschocolate.com\/?post_type=product&#038;p=21445"},"modified":"2025-05-15T11:31:34","modified_gmt":"2025-05-15T10:31:34","slug":"serviteur-verre-sculpte","status":"publish","type":"product","link":"https:\/\/lipschocolate.com\/en\/product\/serviteur-verre-sculpte\/","title":{"rendered":"SERVITEUR VERRE SCULPT\u00c9"},"content":{"rendered":"<p>Serviteur en m\u00e9tal dor\u00e9 et plateaux en verre sculpt\u00e9 contenant 1,2 kg de chocolat.<\/p>","protected":false},"excerpt":{"rendered":"<p>Serviteur en m\u00e9tal dor\u00e9 et plateaux en verre sculpt\u00e9 contenant 1,2 kg de chocolat.<\/p>","protected":false},"featured_media":21479,"comment_status":"open","ping_status":"closed","template":"","meta":[],"product_brand":[],"product_cat":[202,271],"product_tag":[],"class_list":{"0":"post-21445","1":"product","2":"type-product","3":"status-publish","4":"has-post-thumbnail","6":"product_cat-collection-lips","7":"product_cat-one-of-a-kind-luxury","9":"first","10":"instock","11":"shipping-taxable","12":"purchasable","13":"product-type-simple"},"jetpack_sharing_enabled":true,"_links":{"self":[{"href":"https:\/\/lipschocolate.com\/en\/wp-json\/wp\/v2\/product\/21445","targetHints":{"allow":["GET"]}}],"collection":[{"href":"https:\/\/lipschocolate.com\/en\/wp-json\/wp\/v2\/product"}],"about":[{"href":"https:\/\/lipschocolate.com\/en\/wp-json\/wp\/v2\/types\/product"}],"replies":[{"embeddable":true,"href":"https:\/\/lipschocolate.com\/en\/wp-json\/wp\/v2\/comments?post=21445"}],"version-history":[{"count":2,"href":"https:\/\/lipschocolate.com\/en\/wp-json\/wp\/v2\/product\/21445\/revisions"}],"predecessor-version":[{"id":21520,"href":"https:\/\/lipschocolate.com\/en\/wp-json\/wp\/v2\/product\/21445\/revisions\/21520"}],"wp:featuredmedia":[{"embeddable":true,"href":"https:\/\/lipschocolate.com\/en\/wp-json\/wp\/v2\/media\/21479"}],"wp:attachment":[{"href":"https:\/\/lipschocolate.com\/en\/wp-json\/wp\/v2\/media?parent=21445"}],"wp:term":[{"taxonomy":"product_brand","embeddable":true,"href":"https:\/\/lipschocolate.com\/en\/wp-json\/wp\/v2\/product_brand?post=21445"},{"taxonomy":"product_cat","embeddable":true,"href":"https:\/\/lipschocolate.com\/en\/wp-json\/wp\/v2\/product_cat?post=21445"},{"taxonomy":"product_tag","embeddable":true,"href":"https:\/\/lipschocolate.com\/en\/wp-json\/wp\/v2\/product_tag?post=21445"}],"curies":[{"name":"wp","href":"https:\/\/api.w.org\/{rel}","templated":true}]}}