{"id":21755,"date":"2025-11-11T22:59:35","date_gmt":"2025-11-11T21:59:35","guid":{"rendered":"https:\/\/lipschocolate.com\/?post_type=product&#038;p=21755"},"modified":"2025-11-14T15:40:26","modified_gmt":"2025-11-14T14:40:26","slug":"il-trilogia-copie","status":"publish","type":"product","link":"https:\/\/lipschocolate.com\/en\/product\/il-trilogia-copie\/","title":{"rendered":"GOLDEN ROOTS | Grand Mod\u00e8le"},"content":{"rendered":"<p>Assiette dor\u00e9e \u00e0 anses garnie de 700g de chocolats.<\/p>","protected":false},"excerpt":{"rendered":"<p>Assiette dor\u00e9e \u00e0 anses garnie de 700g de chocolats.<\/p>","protected":false},"featured_media":21635,"comment_status":"open","ping_status":"closed","template":"","meta":[],"product_brand":[],"product_cat":[202,294],"product_tag":[279,285,200,293,284],"class_list":{"0":"post-21755","1":"product","2":"type-product","3":"status-publish","4":"has-post-thumbnail","6":"product_cat-collection-lips","7":"product_cat-eclats-or","8":"product_tag-amandes","9":"product_tag-casablanca","10":"product_tag-chocolats","11":"product_tag-eclats-de-lumiere","12":"product_tag-maroc","14":"first","15":"instock","16":"shipping-taxable","17":"purchasable","18":"product-type-simple"},"jetpack_sharing_enabled":true,"_links":{"self":[{"href":"https:\/\/lipschocolate.com\/en\/wp-json\/wp\/v2\/product\/21755","targetHints":{"allow":["GET"]}}],"collection":[{"href":"https:\/\/lipschocolate.com\/en\/wp-json\/wp\/v2\/product"}],"about":[{"href":"https:\/\/lipschocolate.com\/en\/wp-json\/wp\/v2\/types\/product"}],"replies":[{"embeddable":true,"href":"https:\/\/lipschocolate.com\/en\/wp-json\/wp\/v2\/comments?post=21755"}],"version-history":[{"count":2,"href":"https:\/\/lipschocolate.com\/en\/wp-json\/wp\/v2\/product\/21755\/revisions"}],"predecessor-version":[{"id":21908,"href":"https:\/\/lipschocolate.com\/en\/wp-json\/wp\/v2\/product\/21755\/revisions\/21908"}],"wp:featuredmedia":[{"embeddable":true,"href":"https:\/\/lipschocolate.com\/en\/wp-json\/wp\/v2\/media\/21635"}],"wp:attachment":[{"href":"https:\/\/lipschocolate.com\/en\/wp-json\/wp\/v2\/media?parent=21755"}],"wp:term":[{"taxonomy":"product_brand","embeddable":true,"href":"https:\/\/lipschocolate.com\/en\/wp-json\/wp\/v2\/product_brand?post=21755"},{"taxonomy":"product_cat","embeddable":true,"href":"https:\/\/lipschocolate.com\/en\/wp-json\/wp\/v2\/product_cat?post=21755"},{"taxonomy":"product_tag","embeddable":true,"href":"https:\/\/lipschocolate.com\/en\/wp-json\/wp\/v2\/product_tag?post=21755"}],"curies":[{"name":"wp","href":"https:\/\/api.w.org\/{rel}","templated":true}]}}