{"id":20279,"date":"2023-04-19T15:52:55","date_gmt":"2023-04-19T14:52:55","guid":{"rendered":"https:\/\/lipschocolate.com\/?page_id=20279"},"modified":"2023-04-26T14:49:17","modified_gmt":"2023-04-26T13:49:17","slug":"mentions-legales","status":"publish","type":"page","link":"https:\/\/lipschocolate.com\/fr\/mentions-legales\/","title":{"rendered":"Mentions L\u00e9gales"},"content":{"rendered":"\t\t<div data-elementor-type=\"wp-page\" data-elementor-id=\"20279\" class=\"elementor elementor-20279\">\n\t\t\t\t\t\t<section class=\"elementor-section elementor-top-section elementor-element elementor-element-572840ba elementor-section-boxed elementor-section-height-default elementor-section-height-default sc_fly_static\" data-id=\"572840ba\" data-element_type=\"section\">\n\t\t\t\t\t\t<div class=\"elementor-container elementor-column-gap-extended\">\n\t\t\t\t\t<div class=\"elementor-column elementor-col-100 elementor-top-column elementor-element elementor-element-4eed69c3 sc_content_align_inherit sc_layouts_column_icons_position_left sc_fly_static\" data-id=\"4eed69c3\" data-element_type=\"column\">\n\t\t\t<div class=\"elementor-widget-wrap elementor-element-populated\">\n\t\t\t\t\t\t<div class=\"elementor-element elementor-element-f2790c9 sc_fly_static elementor-widget elementor-widget-heading\" data-id=\"f2790c9\" data-element_type=\"widget\" data-widget_type=\"heading.default\">\n\t\t\t\t<div class=\"elementor-widget-container\">\n\t\t\t\t\t<h1 class=\"elementor-heading-title elementor-size-default\">Mentions L\u00e9gales<\/h1>\t\t\t\t<\/div>\n\t\t\t\t<\/div>\n\t\t\t\t<div class=\"elementor-element elementor-element-65477303 sc_fly_static elementor-widget elementor-widget-text-editor\" data-id=\"65477303\" data-element_type=\"widget\" data-widget_type=\"text-editor.default\">\n\t\t\t\t<div class=\"elementor-widget-container\">\n\t\t\t\t\t\t\t\t\t\n<h3><span style=\"color: #c09067;\">1. Information sur le site<\/span><\/h3>\n\n<p>Le site accessible \u00e0 l\u2019adresse URL :\u00a0<span style=\"color: #c09067;\"><strong>www.lipschocolate.com<\/strong><\/span> (ci-apr\u00e8s d\u00e9nomm\u00e9 le \u00ab Site \u00bb) est \u00e9dit\u00e9 par la soci\u00e9t\u00e9 <strong><span style=\"color: #c09067;\">LARIVE GOODS &amp; SERVICES<\/span> <\/strong>, soci\u00e9t\u00e9 \u00e0 responsabilit\u00e9 Limit\u00e9e, immatricul\u00e9e au Registre du Commerce de Casablanca sous le num\u00e9ro 542773, et dont le si\u00e8ge social est 99, rue Taha Hussein, quartier Gauthier, Casablanca &#8211; Maroc<br \/><br \/>Pour nous contacter par e-mail, vous pouvez \u00e9crire \u00e0 cette adresse : <span style=\"color: #c09067;\"><strong>contact@lipschocolate.com<\/strong><\/span>. Nous r\u00e9pondons \u00e0 vos emails du lundi au vendredi de 10h \u00e0 19h.<br \/><br \/>Informations, Service apr\u00e8s-vente : <span style=\"color: #c09067;\"><strong>+212 522 220 221<\/strong><\/span>, du lundi au vendredi, de 09h30 \u00e0 13h00 et de 15h \u00e0 19h30.<br \/><br \/>Le directeur de publication est Madame Sarah DUCLAUX-LARIVE, Directeur G\u00e9n\u00e9ral de la soci\u00e9t\u00e9 LARIVE GOODS &amp; SERVICES.<\/p>\n<p>Le site est h\u00e9berg\u00e9 par la soci\u00e9t\u00e9 : OVH \u2013 https:\/\/www.ovh.fr<br \/>OVH, 2 RUE KELLERMANN 59100 ROUBAIX<br \/><br \/>Les personnes pouvant acc\u00e9der au Site sont d\u00e9nomm\u00e9es \u00ab les Utilisateurs du Site \u00bb.<\/p>\n\n<h3><span style=\"color: #c09067;\">2. Propri\u00e9t\u00e9 intellectuelle<\/span><\/h3>\n\n<p>Site con\u00e7u via le CMS WordPress.<\/p>\n<p>L\u2019Utilisateur du Site se voit conf\u00e9rer un droit d\u2019usage priv\u00e9 et non exclusif de ce Site.<br \/><br \/>L\u2019ensemble des \u00e9l\u00e9ments diffus\u00e9s sur le Site tels que les textes, les photographies, les logos, la charte graphique, l\u2019agencement, les informations, la conception, le graphisme, la pr\u00e9sentation et le contenu du Site, sans que cette liste soit exhaustive, constitue des \u0153uvres au sens du code de la propri\u00e9t\u00e9 intellectuelle fran\u00e7ais, et sont la propri\u00e9t\u00e9 exclusive de LARIVE GOODS &amp; SERVICES.<br \/><br \/>En cons\u00e9quence, toute repr\u00e9sentation ou reproduction, totale ou partielle, du Site ou des \u00e9l\u00e9ments le composant, tels les marques, les logos, la charte graphique, l\u2019agencement, les informations, la conception, le graphisme, la pr\u00e9sentation et le contenu du Site, sans que cette liste soit limitative, qui pourrait \u00eatre faite sans le consentement de leurs auteurs ou ayants-droit, est interdite et expose les Utilisateurs concern\u00e9s \u00e0 des poursuites judiciaires.<br \/><br \/>L\u2019inscription sur le Site n\u2019emporte aucun transfert de droits de propri\u00e9t\u00e9 intellectuelle au profit de l\u2019Utilisateur du Site.<\/p>\n\n<h3><span style=\"color: #c09067;\">3. Donn\u00e9es personnelles<\/span><\/h3>\n\n<p style=\"font-weight: 400;\">LARIVE GOODS &amp; SERVICES peut \u00eatre amen\u00e9 \u00e0 collecter directement ou indirectement des donn\u00e9es personnelles concernant les Utilisateurs du Site.<br \/><br \/>Les informations personnelles des Utilisateurs du Site collect\u00e9es directement font l\u2019objet d\u2019un traitement automatis\u00e9 aux fins de gestion et d\u2019administration de leur compte sur le Site ainsi qu\u2019\u00e0 la gestion des relations commerciales existant entre l\u2019Utilisateur du Site et LARIVE GOODS &amp; SERVICES.<br \/><br \/>Ces donn\u00e9es sont trait\u00e9es par LARIVE GOODS &amp; SERVICES ou ses prestataires habilit\u00e9s, conform\u00e9ment aux r\u00e8gles de confidentialit\u00e9 et de s\u00e9curit\u00e9 \u00e9nonc\u00e9es dans les dispositions l\u00e9gales et r\u00e8glementaires applicables, dans la limite des conditions g\u00e9n\u00e9rales de vente. Ces informations personnelles collect\u00e9es directement seront trait\u00e9es conform\u00e9ment aux dispositions l\u00e9gales et r\u00e8glementaires en vigueur. Les Utilisateurs du Site disposent d\u2019un droit d\u2019acc\u00e8s, de rectification, de modification ou de suppression des informations personnelles qu\u2019ils ont transmises au Site. Les Utilisateurs du Site peuvent \u00e9galement, pour des motifs l\u00e9gitimes, s\u2019opposer au traitement des donn\u00e9es personnelles les concernant.<br \/><br \/>Pour exercer ces droits, ils peuvent contacter LARIVE GOODS &amp; SERVICES en justifiant de leur identit\u00e9 par email en \u00e9crivant \u00e0 contact@lipschocolate.com ou par courrier en \u00e9crivant \u00e0 LARIVE GOODS &amp; SERVICES, 99 rue Taha Hussein, quartier Gauthier, Casablanca &#8211; Maroc.<br \/><br \/>Les informations personnelles des Utilisateurs du Site collect\u00e9es indirectement aupr\u00e8s d\u2019eux sont trait\u00e9es au moyen de cookies. LARIVE GOODS &amp; SERVICES utilise ces cookies notamment pour \u00e9tablir des statistiques de connexion ainsi que des historiques de navigation des Utilisateurs, etc.<br \/><br \/>Un cookie est un fichier texte plac\u00e9 de mani\u00e8re unique sur le disque dur par le serveur du Site. Les cookies ne peuvent pas ex\u00e9cuter de programmes ou introduire des virus sur l\u2019ordinateur. Les cookies sont attribu\u00e9s de fa\u00e7on uniquement et peuvent seulement \u00eatre lus par le serveur web du domaine qui a \u00e9mis le cookie. Les Utilisateurs du Site ont la possibilit\u00e9 d\u2019accepter ou de refuser les cookies en le pr\u00e9cisant \u00e0 partir des param\u00e8tres du navigateur web qu\u2019ils utilisent.<br \/><br \/>LARIVE GOODS &amp; SERVICES d\u00e9clare avoir pris toutes les mesures n\u00e9cessaires pour prot\u00e9ger les donn\u00e9es personnelles des Utilisateurs du Site que ces derniers lui confient.<br \/><br \/>Dans l\u2019hypoth\u00e8se o\u00f9 LARIVE GOODS &amp; SERVICES serait amen\u00e9e \u00e0 transmettre les donn\u00e9es susvis\u00e9es \u00e0 un tiers, LARIVE GOODS &amp; SERVICES demandera pr\u00e9alablement le consentement expr\u00e8s des Utilisateurs du Site.<\/p>\n\n<h3><span style=\"color: #c09067;\">4. Connexion<\/span><\/h3>\n\n<p>LARIVE GOODS &amp; SERVICES d\u00e9clare tout mettre en \u0153uvre pour assurer aux Utilisateurs du Site un acc\u00e8s optimal au Site sauf cas de force majeure, \u00e9v\u00e9nement hors de son contr\u00f4le et sous r\u00e9serve des p\u00e9riodes de maintenance et des pannes \u00e9ventuelles.<br \/><br \/>LARIVE GOODS &amp; SERVICES ne peut \u00eatre rendue responsable des probl\u00e8mes de connexions propres au mat\u00e9riel informatique des Utilisateurs du Site ou li\u00e9s \u00e0 une d\u00e9faillance du fournisseur d\u2019acc\u00e8s Internet utilis\u00e9.<\/p>\n\n<h3><span style=\"color: #c09067;\">5. Sites tiers \/ Lien hypertexte<\/span><\/h3>\n\n<p>Les pages du Site peuvent contenir des liens hypertexte renvoyant vers des sites internet tiers, g\u00e9r\u00e9s par des soci\u00e9t\u00e9s distinctes de LARIVE GOODS &amp; SERVICES, sur lesquelles LARIVE GOODS &amp; SERVICES n\u2019exerce aucun contr\u00f4le.<br \/><br \/>Par cons\u00e9quent, LARIVE GOODS &amp; SERVICES d\u00e9cline toute responsabilit\u00e9 quant au contenu de ces sites tiers, l\u2019usage qui pourrait en \u00eatre fait ainsi que le contenu vers lequel ces sites tiers peuvent renvoyer.<br \/><br \/>Si un Utilisateur du Site souhaite introduire un lien hypertexte \u00e0 destination d\u2019un site tiers il doit pr\u00e9alablement en demander l\u2019autorisation \u00e0 LARIVE GOODS &amp; SERVICES.<br \/><br \/>De m\u00eame, les liens hypertexte tiers renvoyant au Site devront \u00eatre supprim\u00e9s sur demande de LARIVE GOODS &amp; SERVICES.<\/p>\n\n<h3><span style=\"color: #c09067;\">Modification<\/span><\/h3>\n\n<p>LARIVE GOODS &amp; SERVICES se r\u00e9serve la possibilit\u00e9 de modifier ou compl\u00e9ter les pr\u00e9sentes mentions l\u00e9gales \u00e0 tout moment et sans pr\u00e9avis.<br \/><br \/>Les Utilisateurs du Site sont tenus de consulter r\u00e9guli\u00e8rement les pr\u00e9sentes mentions l\u00e9gales.<br \/><br \/><span style=\"color: #c09067;\"><em>Derni\u00e8re mise \u00e0 jour : 26 Avril 2023<\/em><\/span><\/p>\n\t\t\t\t\t\t\t\t<\/div>\n\t\t\t\t<\/div>\n\t\t\t\t\t<\/div>\n\t\t<\/div>\n\t\t\t\t\t<\/div>\n\t\t<\/section>\n\t\t\t\t<\/div>\n\t\t","protected":false},"excerpt":{"rendered":"<p>Mentions L\u00e9gales 1. Information sur le site Le site accessible \u00e0 l\u2019adresse URL :\u00a0www.lipschocolate.com (ci-apr\u00e8s d\u00e9nomm\u00e9 le \u00ab Site \u00bb) est \u00e9dit\u00e9 par la soci\u00e9t\u00e9 LARIVE GOODS &amp; SERVICES ,&hellip;<\/p>\n","protected":false},"author":1,"featured_media":0,"parent":0,"menu_order":0,"comment_status":"closed","ping_status":"closed","template":"","meta":{"footnotes":""},"class_list":["post-20279","page","type-page","status-publish","hentry"],"jetpack_sharing_enabled":true,"_links":{"self":[{"href":"https:\/\/lipschocolate.com\/fr\/wp-json\/wp\/v2\/pages\/20279","targetHints":{"allow":["GET"]}}],"collection":[{"href":"https:\/\/lipschocolate.com\/fr\/wp-json\/wp\/v2\/pages"}],"about":[{"href":"https:\/\/lipschocolate.com\/fr\/wp-json\/wp\/v2\/types\/page"}],"author":[{"embeddable":true,"href":"https:\/\/lipschocolate.com\/fr\/wp-json\/wp\/v2\/users\/1"}],"replies":[{"embeddable":true,"href":"https:\/\/lipschocolate.com\/fr\/wp-json\/wp\/v2\/comments?post=20279"}],"version-history":[{"count":8,"href":"https:\/\/lipschocolate.com\/fr\/wp-json\/wp\/v2\/pages\/20279\/revisions"}],"predecessor-version":[{"id":20539,"href":"https:\/\/lipschocolate.com\/fr\/wp-json\/wp\/v2\/pages\/20279\/revisions\/20539"}],"wp:attachment":[{"href":"https:\/\/lipschocolate.com\/fr\/wp-json\/wp\/v2\/media?parent=20279"}],"curies":[{"name":"wp","href":"https:\/\/api.w.org\/{rel}","templated":true}]}}