{"id":19927,"date":"2023-04-14T14:42:33","date_gmt":"2023-04-14T13:42:33","guid":{"rendered":"https:\/\/lipschocolate.com\/?post_type=product&#038;p=19927"},"modified":"2024-01-12T12:43:39","modified_gmt":"2024-01-12T11:43:39","slug":"mirror-tray-pm","status":"publish","type":"product","link":"https:\/\/lipschocolate.com\/fr\/product\/mirror-tray-pm\/","title":{"rendered":"Mirror Tray &#8211; PM"},"content":{"rendered":"","protected":false},"excerpt":{"rendered":"<p>Plateau miroir en m\u00e9tal dor\u00e9 contenant 36 Pi\u00e8ces des Merveilles de LIPS.<\/p>\n","protected":false},"featured_media":19919,"comment_status":"closed","ping_status":"closed","template":"","meta":[],"product_brand":[],"product_cat":[192],"product_tag":[],"class_list":{"0":"post-19927","1":"product","2":"type-product","3":"status-publish","4":"has-post-thumbnail","6":"product_cat-non-classe","8":"first","9":"outofstock","10":"shipping-taxable","11":"purchasable","12":"product-type-simple"},"jetpack_sharing_enabled":true,"_links":{"self":[{"href":"https:\/\/lipschocolate.com\/fr\/wp-json\/wp\/v2\/product\/19927","targetHints":{"allow":["GET"]}}],"collection":[{"href":"https:\/\/lipschocolate.com\/fr\/wp-json\/wp\/v2\/product"}],"about":[{"href":"https:\/\/lipschocolate.com\/fr\/wp-json\/wp\/v2\/types\/product"}],"replies":[{"embeddable":true,"href":"https:\/\/lipschocolate.com\/fr\/wp-json\/wp\/v2\/comments?post=19927"}],"version-history":[{"count":1,"href":"https:\/\/lipschocolate.com\/fr\/wp-json\/wp\/v2\/product\/19927\/revisions"}],"predecessor-version":[{"id":19928,"href":"https:\/\/lipschocolate.com\/fr\/wp-json\/wp\/v2\/product\/19927\/revisions\/19928"}],"wp:featuredmedia":[{"embeddable":true,"href":"https:\/\/lipschocolate.com\/fr\/wp-json\/wp\/v2\/media\/19919"}],"wp:attachment":[{"href":"https:\/\/lipschocolate.com\/fr\/wp-json\/wp\/v2\/media?parent=19927"}],"wp:term":[{"taxonomy":"product_brand","embeddable":true,"href":"https:\/\/lipschocolate.com\/fr\/wp-json\/wp\/v2\/product_brand?post=19927"},{"taxonomy":"product_cat","embeddable":true,"href":"https:\/\/lipschocolate.com\/fr\/wp-json\/wp\/v2\/product_cat?post=19927"},{"taxonomy":"product_tag","embeddable":true,"href":"https:\/\/lipschocolate.com\/fr\/wp-json\/wp\/v2\/product_tag?post=19927"}],"curies":[{"name":"wp","href":"https:\/\/api.w.org\/{rel}","templated":true}]}}