{"id":20184,"date":"2023-04-19T11:56:54","date_gmt":"2023-04-19T10:56:54","guid":{"rendered":"https:\/\/lipschocolate.com\/?post_type=product&#038;p=20184"},"modified":"2025-06-21T10:30:52","modified_gmt":"2025-06-21T09:30:52","slug":"boite-lips-1kg","status":"publish","type":"product","link":"https:\/\/lipschocolate.com\/fr\/product\/boite-lips-1kg\/","title":{"rendered":"Boite LIPS &#8211; 1kg"},"content":{"rendered":"","protected":false},"excerpt":{"rendered":"<p>Boite de chocolats LIPS contenant 1kg de vos chocolats pr\u00e9f\u00e9r\u00e9s.<\/p>\n","protected":false},"featured_media":21500,"comment_status":"closed","ping_status":"closed","template":"","meta":[],"product_brand":[],"product_cat":[202],"product_tag":[200],"class_list":{"0":"post-20184","1":"product","2":"type-product","3":"status-publish","4":"has-post-thumbnail","6":"product_cat-collection-lips","7":"product_tag-chocolats","9":"first","10":"instock","11":"shipping-taxable","12":"purchasable","13":"product-type-simple"},"jetpack_sharing_enabled":true,"_links":{"self":[{"href":"https:\/\/lipschocolate.com\/fr\/wp-json\/wp\/v2\/product\/20184","targetHints":{"allow":["GET"]}}],"collection":[{"href":"https:\/\/lipschocolate.com\/fr\/wp-json\/wp\/v2\/product"}],"about":[{"href":"https:\/\/lipschocolate.com\/fr\/wp-json\/wp\/v2\/types\/product"}],"replies":[{"embeddable":true,"href":"https:\/\/lipschocolate.com\/fr\/wp-json\/wp\/v2\/comments?post=20184"}],"version-history":[{"count":1,"href":"https:\/\/lipschocolate.com\/fr\/wp-json\/wp\/v2\/product\/20184\/revisions"}],"predecessor-version":[{"id":20185,"href":"https:\/\/lipschocolate.com\/fr\/wp-json\/wp\/v2\/product\/20184\/revisions\/20185"}],"wp:featuredmedia":[{"embeddable":true,"href":"https:\/\/lipschocolate.com\/fr\/wp-json\/wp\/v2\/media\/21500"}],"wp:attachment":[{"href":"https:\/\/lipschocolate.com\/fr\/wp-json\/wp\/v2\/media?parent=20184"}],"wp:term":[{"taxonomy":"product_brand","embeddable":true,"href":"https:\/\/lipschocolate.com\/fr\/wp-json\/wp\/v2\/product_brand?post=20184"},{"taxonomy":"product_cat","embeddable":true,"href":"https:\/\/lipschocolate.com\/fr\/wp-json\/wp\/v2\/product_cat?post=20184"},{"taxonomy":"product_tag","embeddable":true,"href":"https:\/\/lipschocolate.com\/fr\/wp-json\/wp\/v2\/product_tag?post=20184"}],"curies":[{"name":"wp","href":"https:\/\/api.w.org\/{rel}","templated":true}]}}