{"id":21260,"date":"2024-10-29T10:10:47","date_gmt":"2024-10-29T09:10:47","guid":{"rendered":"https:\/\/lipschocolate.com\/?post_type=product&#038;p=21260"},"modified":"2024-10-29T11:23:19","modified_gmt":"2024-10-29T10:23:19","slug":"le-rose-poudre-vase-en-ceramique-mm","status":"publish","type":"product","link":"https:\/\/lipschocolate.com\/fr\/product\/le-rose-poudre-vase-en-ceramique-mm\/","title":{"rendered":"Le Rose poudr\u00e9 &#8211; Vase en c\u00e9ramique MM"},"content":{"rendered":"","protected":false},"excerpt":{"rendered":"<p>Le Rose poudr\u00e9 &#8211; Vase en c\u00e9ramique\u00a0contenant 400g de vos chocolats pr\u00e9f\u00e9r\u00e9s.<\/p>\n","protected":false},"featured_media":21215,"comment_status":"closed","ping_status":"closed","template":"","meta":[],"product_brand":[],"product_cat":[202,268],"product_tag":[200],"class_list":{"0":"post-21260","1":"product","2":"type-product","3":"status-publish","4":"has-post-thumbnail","6":"product_cat-collection-lips","7":"product_cat-natural-luxury","8":"product_tag-chocolats","10":"first","11":"instock","12":"shipping-taxable","13":"purchasable","14":"product-type-simple"},"jetpack_sharing_enabled":true,"_links":{"self":[{"href":"https:\/\/lipschocolate.com\/fr\/wp-json\/wp\/v2\/product\/21260","targetHints":{"allow":["GET"]}}],"collection":[{"href":"https:\/\/lipschocolate.com\/fr\/wp-json\/wp\/v2\/product"}],"about":[{"href":"https:\/\/lipschocolate.com\/fr\/wp-json\/wp\/v2\/types\/product"}],"replies":[{"embeddable":true,"href":"https:\/\/lipschocolate.com\/fr\/wp-json\/wp\/v2\/comments?post=21260"}],"version-history":[{"count":1,"href":"https:\/\/lipschocolate.com\/fr\/wp-json\/wp\/v2\/product\/21260\/revisions"}],"predecessor-version":[{"id":21261,"href":"https:\/\/lipschocolate.com\/fr\/wp-json\/wp\/v2\/product\/21260\/revisions\/21261"}],"wp:featuredmedia":[{"embeddable":true,"href":"https:\/\/lipschocolate.com\/fr\/wp-json\/wp\/v2\/media\/21215"}],"wp:attachment":[{"href":"https:\/\/lipschocolate.com\/fr\/wp-json\/wp\/v2\/media?parent=21260"}],"wp:term":[{"taxonomy":"product_brand","embeddable":true,"href":"https:\/\/lipschocolate.com\/fr\/wp-json\/wp\/v2\/product_brand?post=21260"},{"taxonomy":"product_cat","embeddable":true,"href":"https:\/\/lipschocolate.com\/fr\/wp-json\/wp\/v2\/product_cat?post=21260"},{"taxonomy":"product_tag","embeddable":true,"href":"https:\/\/lipschocolate.com\/fr\/wp-json\/wp\/v2\/product_tag?post=21260"}],"curies":[{"name":"wp","href":"https:\/\/api.w.org\/{rel}","templated":true}]}}