{"id":21264,"date":"2024-10-29T10:10:46","date_gmt":"2024-10-29T09:10:46","guid":{"rendered":"https:\/\/lipschocolate.com\/?post_type=product&#038;p=21264"},"modified":"2025-04-10T09:49:34","modified_gmt":"2025-04-10T08:49:34","slug":"creamy-gold-vase-en-ceramique-gm","status":"publish","type":"product","link":"https:\/\/lipschocolate.com\/fr\/product\/creamy-gold-vase-en-ceramique-gm\/","title":{"rendered":"Creamy Gold &#8211; Vase en c\u00e9ramique GM"},"content":{"rendered":"","protected":false},"excerpt":{"rendered":"<p>Creamy Gold &#8211; Vase en c\u00e9ramique contenant 750g de vos chocolats pr\u00e9f\u00e9r\u00e9s.<\/p>\n","protected":false},"featured_media":21221,"comment_status":"closed","ping_status":"closed","template":"","meta":[],"product_brand":[],"product_cat":[202,269],"product_tag":[200],"class_list":{"0":"post-21264","1":"product","2":"type-product","3":"status-publish","4":"has-post-thumbnail","6":"product_cat-collection-lips","7":"product_cat-soft-luxury","8":"product_tag-chocolats","10":"first","11":"outofstock","12":"shipping-taxable","13":"purchasable","14":"product-type-simple"},"jetpack_sharing_enabled":true,"_links":{"self":[{"href":"https:\/\/lipschocolate.com\/fr\/wp-json\/wp\/v2\/product\/21264","targetHints":{"allow":["GET"]}}],"collection":[{"href":"https:\/\/lipschocolate.com\/fr\/wp-json\/wp\/v2\/product"}],"about":[{"href":"https:\/\/lipschocolate.com\/fr\/wp-json\/wp\/v2\/types\/product"}],"replies":[{"embeddable":true,"href":"https:\/\/lipschocolate.com\/fr\/wp-json\/wp\/v2\/comments?post=21264"}],"version-history":[{"count":1,"href":"https:\/\/lipschocolate.com\/fr\/wp-json\/wp\/v2\/product\/21264\/revisions"}],"predecessor-version":[{"id":21265,"href":"https:\/\/lipschocolate.com\/fr\/wp-json\/wp\/v2\/product\/21264\/revisions\/21265"}],"wp:featuredmedia":[{"embeddable":true,"href":"https:\/\/lipschocolate.com\/fr\/wp-json\/wp\/v2\/media\/21221"}],"wp:attachment":[{"href":"https:\/\/lipschocolate.com\/fr\/wp-json\/wp\/v2\/media?parent=21264"}],"wp:term":[{"taxonomy":"product_brand","embeddable":true,"href":"https:\/\/lipschocolate.com\/fr\/wp-json\/wp\/v2\/product_brand?post=21264"},{"taxonomy":"product_cat","embeddable":true,"href":"https:\/\/lipschocolate.com\/fr\/wp-json\/wp\/v2\/product_cat?post=21264"},{"taxonomy":"product_tag","embeddable":true,"href":"https:\/\/lipschocolate.com\/fr\/wp-json\/wp\/v2\/product_tag?post=21264"}],"curies":[{"name":"wp","href":"https:\/\/api.w.org\/{rel}","templated":true}]}}