{"id":21400,"date":"2024-12-16T18:51:50","date_gmt":"2024-12-16T17:51:50","guid":{"rendered":"https:\/\/lipschocolate.com\/?post_type=product&#038;p=21400"},"modified":"2024-12-16T18:52:59","modified_gmt":"2024-12-16T17:52:59","slug":"tablette-lephemere-kunafa","status":"publish","type":"product","link":"https:\/\/lipschocolate.com\/fr\/product\/tablette-lephemere-kunafa\/","title":{"rendered":"Tablette L&rsquo;\u00e9ph\u00e9m\u00e8re (Kunafa)"},"content":{"rendered":"","protected":false},"excerpt":{"rendered":"<p style=\"font-weight: 400;\">LIPS Chocolate &amp; More, d\u00e9voileune nouvelle gamme de tablettes aux saveurs varie\u0301es, alliant des classiques comme la pistache, les noisettes et les amandes, a\u0300 des mariages plus audacieux.<\/p>\n<p style=\"font-weight: 400;\">Ces cre\u0301ations ont e\u0301te\u0301 pense\u0301es pour offrir un plaisir intense, avec des profils de gou\u0302t qui sauront ravir tous les palais, du plus traditionnel au plus curieux.<\/p>\n","protected":false},"featured_media":21369,"comment_status":"closed","ping_status":"closed","template":"","meta":[],"product_brand":[],"product_cat":[275],"product_tag":[200,282,278,276],"class_list":{"0":"post-21400","1":"product","2":"type-product","3":"status-publish","4":"has-post-thumbnail","6":"product_cat-les-tablettes","7":"product_tag-chocolats","8":"product_tag-kunafa","9":"product_tag-pistache","10":"product_tag-tablettes","12":"first","13":"instock","14":"shipping-taxable","15":"purchasable","16":"product-type-simple"},"jetpack_sharing_enabled":true,"_links":{"self":[{"href":"https:\/\/lipschocolate.com\/fr\/wp-json\/wp\/v2\/product\/21400","targetHints":{"allow":["GET"]}}],"collection":[{"href":"https:\/\/lipschocolate.com\/fr\/wp-json\/wp\/v2\/product"}],"about":[{"href":"https:\/\/lipschocolate.com\/fr\/wp-json\/wp\/v2\/types\/product"}],"replies":[{"embeddable":true,"href":"https:\/\/lipschocolate.com\/fr\/wp-json\/wp\/v2\/comments?post=21400"}],"version-history":[{"count":1,"href":"https:\/\/lipschocolate.com\/fr\/wp-json\/wp\/v2\/product\/21400\/revisions"}],"predecessor-version":[{"id":21401,"href":"https:\/\/lipschocolate.com\/fr\/wp-json\/wp\/v2\/product\/21400\/revisions\/21401"}],"wp:featuredmedia":[{"embeddable":true,"href":"https:\/\/lipschocolate.com\/fr\/wp-json\/wp\/v2\/media\/21369"}],"wp:attachment":[{"href":"https:\/\/lipschocolate.com\/fr\/wp-json\/wp\/v2\/media?parent=21400"}],"wp:term":[{"taxonomy":"product_brand","embeddable":true,"href":"https:\/\/lipschocolate.com\/fr\/wp-json\/wp\/v2\/product_brand?post=21400"},{"taxonomy":"product_cat","embeddable":true,"href":"https:\/\/lipschocolate.com\/fr\/wp-json\/wp\/v2\/product_cat?post=21400"},{"taxonomy":"product_tag","embeddable":true,"href":"https:\/\/lipschocolate.com\/fr\/wp-json\/wp\/v2\/product_tag?post=21400"}],"curies":[{"name":"wp","href":"https:\/\/api.w.org\/{rel}","templated":true}]}}