{"id":21533,"date":"2025-05-19T11:28:40","date_gmt":"2025-05-19T10:28:40","guid":{"rendered":"https:\/\/lipschocolate.com\/?post_type=product&#038;p=21533"},"modified":"2025-05-19T11:28:40","modified_gmt":"2025-05-19T10:28:40","slug":"ballerina-box","status":"publish","type":"product","link":"https:\/\/lipschocolate.com\/fr\/product\/ballerina-box\/","title":{"rendered":"BALLERINA BOX"},"content":{"rendered":"<p>Bo\u00eete \u00e0 bijoux dans le th\u00e8me Ballerine garnie de 350g de chocolat.<\/p>\n","protected":false},"excerpt":{"rendered":"<p>Bo\u00eete \u00e0 bijoux dans le th\u00e8me Ballerine garnie de 350g de chocolat.<\/p>\n","protected":false},"featured_media":21534,"comment_status":"open","ping_status":"closed","template":"","meta":[],"product_brand":[],"product_cat":[202,269],"product_tag":[279,285,200,281,282,284,280,230],"class_list":{"0":"post-21533","1":"product","2":"type-product","3":"status-publish","4":"has-post-thumbnail","6":"product_cat-collection-lips","7":"product_cat-soft-luxury","8":"product_tag-amandes","9":"product_tag-casablanca","10":"product_tag-chocolats","11":"product_tag-fleur-de-sel","12":"product_tag-kunafa","13":"product_tag-maroc","14":"product_tag-nougatine","15":"product_tag-petits-plaisirs","17":"first","18":"instock","19":"shipping-taxable","20":"purchasable","21":"product-type-simple"},"jetpack_sharing_enabled":true,"_links":{"self":[{"href":"https:\/\/lipschocolate.com\/fr\/wp-json\/wp\/v2\/product\/21533","targetHints":{"allow":["GET"]}}],"collection":[{"href":"https:\/\/lipschocolate.com\/fr\/wp-json\/wp\/v2\/product"}],"about":[{"href":"https:\/\/lipschocolate.com\/fr\/wp-json\/wp\/v2\/types\/product"}],"replies":[{"embeddable":true,"href":"https:\/\/lipschocolate.com\/fr\/wp-json\/wp\/v2\/comments?post=21533"}],"version-history":[{"count":1,"href":"https:\/\/lipschocolate.com\/fr\/wp-json\/wp\/v2\/product\/21533\/revisions"}],"predecessor-version":[{"id":21535,"href":"https:\/\/lipschocolate.com\/fr\/wp-json\/wp\/v2\/product\/21533\/revisions\/21535"}],"wp:featuredmedia":[{"embeddable":true,"href":"https:\/\/lipschocolate.com\/fr\/wp-json\/wp\/v2\/media\/21534"}],"wp:attachment":[{"href":"https:\/\/lipschocolate.com\/fr\/wp-json\/wp\/v2\/media?parent=21533"}],"wp:term":[{"taxonomy":"product_brand","embeddable":true,"href":"https:\/\/lipschocolate.com\/fr\/wp-json\/wp\/v2\/product_brand?post=21533"},{"taxonomy":"product_cat","embeddable":true,"href":"https:\/\/lipschocolate.com\/fr\/wp-json\/wp\/v2\/product_cat?post=21533"},{"taxonomy":"product_tag","embeddable":true,"href":"https:\/\/lipschocolate.com\/fr\/wp-json\/wp\/v2\/product_tag?post=21533"}],"curies":[{"name":"wp","href":"https:\/\/api.w.org\/{rel}","templated":true}]}}