{"id":21757,"date":"2025-11-11T23:01:12","date_gmt":"2025-11-11T22:01:12","guid":{"rendered":"https:\/\/lipschocolate.com\/?post_type=product&#038;p=21757"},"modified":"2025-11-14T15:40:16","modified_gmt":"2025-11-14T14:40:16","slug":"golden-roots-petit-modele","status":"publish","type":"product","link":"https:\/\/lipschocolate.com\/fr\/product\/golden-roots-petit-modele\/","title":{"rendered":"GOLDEN ROOTS | Petit Mod\u00e8le"},"content":{"rendered":"<p>Assiette dor\u00e9e \u00e0 anses garnie de 400g de chocolats.<\/p>\n","protected":false},"excerpt":{"rendered":"<p>Assiette dor\u00e9e \u00e0 anses garnie de 400g de chocolats.<\/p>\n","protected":false},"featured_media":21637,"comment_status":"open","ping_status":"closed","template":"","meta":[],"product_brand":[],"product_cat":[202,294],"product_tag":[279,285,200,284],"class_list":{"0":"post-21757","1":"product","2":"type-product","3":"status-publish","4":"has-post-thumbnail","6":"product_cat-collection-lips","7":"product_cat-eclats-or","8":"product_tag-amandes","9":"product_tag-casablanca","10":"product_tag-chocolats","11":"product_tag-maroc","13":"first","14":"instock","15":"shipping-taxable","16":"purchasable","17":"product-type-simple"},"jetpack_sharing_enabled":true,"_links":{"self":[{"href":"https:\/\/lipschocolate.com\/fr\/wp-json\/wp\/v2\/product\/21757","targetHints":{"allow":["GET"]}}],"collection":[{"href":"https:\/\/lipschocolate.com\/fr\/wp-json\/wp\/v2\/product"}],"about":[{"href":"https:\/\/lipschocolate.com\/fr\/wp-json\/wp\/v2\/types\/product"}],"replies":[{"embeddable":true,"href":"https:\/\/lipschocolate.com\/fr\/wp-json\/wp\/v2\/comments?post=21757"}],"version-history":[{"count":2,"href":"https:\/\/lipschocolate.com\/fr\/wp-json\/wp\/v2\/product\/21757\/revisions"}],"predecessor-version":[{"id":21907,"href":"https:\/\/lipschocolate.com\/fr\/wp-json\/wp\/v2\/product\/21757\/revisions\/21907"}],"wp:featuredmedia":[{"embeddable":true,"href":"https:\/\/lipschocolate.com\/fr\/wp-json\/wp\/v2\/media\/21637"}],"wp:attachment":[{"href":"https:\/\/lipschocolate.com\/fr\/wp-json\/wp\/v2\/media?parent=21757"}],"wp:term":[{"taxonomy":"product_brand","embeddable":true,"href":"https:\/\/lipschocolate.com\/fr\/wp-json\/wp\/v2\/product_brand?post=21757"},{"taxonomy":"product_cat","embeddable":true,"href":"https:\/\/lipschocolate.com\/fr\/wp-json\/wp\/v2\/product_cat?post=21757"},{"taxonomy":"product_tag","embeddable":true,"href":"https:\/\/lipschocolate.com\/fr\/wp-json\/wp\/v2\/product_tag?post=21757"}],"curies":[{"name":"wp","href":"https:\/\/api.w.org\/{rel}","templated":true}]}}